{"id":713,"date":"2022-12-15T18:24:48","date_gmt":"2022-12-15T17:24:48","guid":{"rendered":"https:\/\/keyni.eu\/?page_id=713"},"modified":"2026-01-14T11:59:07","modified_gmt":"2026-01-14T10:59:07","slug":"faq","status":"publish","type":"page","link":"https:\/\/keyni.eu\/index.php\/faq\/","title":{"rendered":"FAQ"},"content":{"rendered":"\t\t<div data-elementor-type=\"wp-page\" data-elementor-id=\"713\" class=\"elementor elementor-713\">\n\t\t\t\t\t\t<section class=\"elementor-section elementor-top-section elementor-element elementor-element-9a46a2b elementor-section-boxed elementor-section-height-default elementor-section-height-default wpr-particle-no wpr-jarallax-no wpr-parallax-no wpr-sticky-section-no\" data-id=\"9a46a2b\" data-element_type=\"section\">\n\t\t\t\t\t\t<div class=\"elementor-container elementor-column-gap-default\">\n\t\t\t\t\t<div class=\"elementor-column elementor-col-100 elementor-top-column elementor-element elementor-element-0e5d423\" data-id=\"0e5d423\" data-element_type=\"column\">\n\t\t\t<div class=\"elementor-widget-wrap elementor-element-populated\">\n\t\t\t\t\t\t<div class=\"elementor-element elementor-element-25a98fe elementor-widget elementor-widget-heading\" data-id=\"25a98fe\" data-element_type=\"widget\" data-widget_type=\"heading.default\">\n\t\t\t\t<div class=\"elementor-widget-container\">\n\t\t\t\t\t<h4 class=\"elementor-heading-title elementor-size-default\">Nous avons une r\u00e9ponse \u00e0 toutes vos questions !<\/h4>\t\t\t\t<\/div>\n\t\t\t\t<\/div>\n\t\t\t\t<div class=\"elementor-element elementor-element-2403934 elementor-widget elementor-widget-heading\" data-id=\"2403934\" data-element_type=\"widget\" data-widget_type=\"heading.default\">\n\t\t\t\t<div class=\"elementor-widget-container\">\n\t\t\t\t\t<h4 class=\"elementor-heading-title elementor-size-default\">\ud83d\ude0a<\/h4>\t\t\t\t<\/div>\n\t\t\t\t<\/div>\n\t\t\t\t<div class=\"elementor-element elementor-element-4d9245d elementor-widget elementor-widget-spacer\" data-id=\"4d9245d\" data-element_type=\"widget\" data-widget_type=\"spacer.default\">\n\t\t\t\t<div class=\"elementor-widget-container\">\n\t\t\t\t\t\t\t<div class=\"elementor-spacer\">\n\t\t\t<div class=\"elementor-spacer-inner\"><\/div>\n\t\t<\/div>\n\t\t\t\t\t\t<\/div>\n\t\t\t\t<\/div>\n\t\t\t\t\t<\/div>\n\t\t<\/div>\n\t\t\t\t\t<\/div>\n\t\t<\/section>\n\t\t\t\t<section class=\"elementor-section elementor-top-section elementor-element elementor-element-f1faea2 elementor-section-boxed elementor-section-height-default elementor-section-height-default wpr-particle-no wpr-jarallax-no wpr-parallax-no wpr-sticky-section-no\" data-id=\"f1faea2\" data-element_type=\"section\">\n\t\t\t\t\t\t<div class=\"elementor-container elementor-column-gap-default\">\n\t\t\t\t\t<div class=\"elementor-column elementor-col-100 elementor-top-column elementor-element elementor-element-2c19c25\" data-id=\"2c19c25\" data-element_type=\"column\">\n\t\t\t<div class=\"elementor-widget-wrap elementor-element-populated\">\n\t\t\t\t\t\t<div class=\"elementor-element elementor-element-2019cae elementor-widget elementor-widget-accordion\" data-id=\"2019cae\" data-element_type=\"widget\" data-widget_type=\"accordion.default\">\n\t\t\t\t<div class=\"elementor-widget-container\">\n\t\t\t\t\t\t\t<div class=\"elementor-accordion\">\n\t\t\t\t\t\t\t<div class=\"elementor-accordion-item\">\n\t\t\t\t\t<div id=\"elementor-tab-title-3361\" class=\"elementor-tab-title\" data-tab=\"1\" role=\"button\" aria-controls=\"elementor-tab-content-3361\" aria-expanded=\"false\">\n\t\t\t\t\t\t\t\t\t\t\t\t\t<span class=\"elementor-accordion-icon elementor-accordion-icon-left\" aria-hidden=\"true\">\n\t\t\t\t\t\t\t\t\t\t\t\t\t\t\t<span class=\"elementor-accordion-icon-closed\"><i class=\"fas fa-chevron-down\"><\/i><\/span>\n\t\t\t\t\t\t\t\t<span class=\"elementor-accordion-icon-opened\"><i class=\"fas fa-chevron-up\"><\/i><\/span>\n\t\t\t\t\t\t\t\t\t\t\t\t\t\t<\/span>\n\t\t\t\t\t\t\t\t\t\t\t\t<a class=\"elementor-accordion-title\" tabindex=\"0\">KEYNI c'est qui?<\/a>\n\t\t\t\t\t<\/div>\n\t\t\t\t\t<div id=\"elementor-tab-content-3361\" class=\"elementor-tab-content elementor-clearfix\" data-tab=\"1\" role=\"region\" aria-labelledby=\"elementor-tab-title-3361\"><p><span style=\"font-weight: 400;\">KEYNI est une assurtech fran\u00e7aise, la seule qui regroupe toutes les assurances indispensables \u00e0 chaque \u00e9tape de votre projet immobilier.<\/span><\/p><p><span style=\"font-weight: 400;\">Notre mission est de vous simplifier la vie, vous investissez on vous assure.\u00a0<\/span><\/p><p><span style=\"font-weight: 400;\">Bien plus qu\u2019un assureur, Keyni assure votre succ\u00e8s; tous nos clients b\u00e9n\u00e9ficient gratuitement d&#8217;un acc\u00e8s \u00e0 un notaire (pour les questions juridiques), d&#8217;un logiciel de gestion locative et de notre Keybox.<\/span><\/p><p><span style=\"font-weight: 400;\">En toutes circonstances Keyni reste disponible pour vous gr\u00e2ce \u00e0 une gestion premium !<\/span><\/p><\/div>\n\t\t\t\t<\/div>\n\t\t\t\t\t\t\t<div class=\"elementor-accordion-item\">\n\t\t\t\t\t<div id=\"elementor-tab-title-3362\" class=\"elementor-tab-title\" data-tab=\"2\" role=\"button\" aria-controls=\"elementor-tab-content-3362\" aria-expanded=\"false\">\n\t\t\t\t\t\t\t\t\t\t\t\t\t<span class=\"elementor-accordion-icon elementor-accordion-icon-left\" aria-hidden=\"true\">\n\t\t\t\t\t\t\t\t\t\t\t\t\t\t\t<span class=\"elementor-accordion-icon-closed\"><i class=\"fas fa-chevron-down\"><\/i><\/span>\n\t\t\t\t\t\t\t\t<span class=\"elementor-accordion-icon-opened\"><i class=\"fas fa-chevron-up\"><\/i><\/span>\n\t\t\t\t\t\t\t\t\t\t\t\t\t\t<\/span>\n\t\t\t\t\t\t\t\t\t\t\t\t<a class=\"elementor-accordion-title\" tabindex=\"0\">Quelles sont les assurances propos\u00e9es par KEYNI ?\t<\/a>\n\t\t\t\t\t<\/div>\n\t\t\t\t\t<div id=\"elementor-tab-content-3362\" class=\"elementor-tab-content elementor-clearfix\" data-tab=\"2\" role=\"region\" aria-labelledby=\"elementor-tab-title-3362\"><p><span style=\"font-weight: 400;\">KEYNI propose toutes les assurances indispensables \u00e0 chaque \u00e9tape de votre projet immobilier\u00a0:\u00a0<\/span><\/p><ul><li style=\"font-weight: 400;\" aria-level=\"1\"><span style=\"font-weight: 400;\">Assurance de pr\u00eat<\/span><\/li><li style=\"font-weight: 400;\" aria-level=\"1\"><span style=\"font-weight: 400;\">Assurance travaux<\/span><\/li><li style=\"font-weight: 400;\" aria-level=\"1\"><span style=\"font-weight: 400;\">Assurance de biens\u00a0<\/span><\/li><li style=\"font-weight: 400;\" aria-level=\"1\"><span style=\"font-weight: 400;\">Garantie loyer impay\u00e9<\/span><\/li><\/ul><\/div>\n\t\t\t\t<\/div>\n\t\t\t\t\t\t\t<div class=\"elementor-accordion-item\">\n\t\t\t\t\t<div id=\"elementor-tab-title-3363\" class=\"elementor-tab-title\" data-tab=\"3\" role=\"button\" aria-controls=\"elementor-tab-content-3363\" aria-expanded=\"false\">\n\t\t\t\t\t\t\t\t\t\t\t\t\t<span class=\"elementor-accordion-icon elementor-accordion-icon-left\" aria-hidden=\"true\">\n\t\t\t\t\t\t\t\t\t\t\t\t\t\t\t<span class=\"elementor-accordion-icon-closed\"><i class=\"fas fa-chevron-down\"><\/i><\/span>\n\t\t\t\t\t\t\t\t<span class=\"elementor-accordion-icon-opened\"><i class=\"fas fa-chevron-up\"><\/i><\/span>\n\t\t\t\t\t\t\t\t\t\t\t\t\t\t<\/span>\n\t\t\t\t\t\t\t\t\t\t\t\t<a class=\"elementor-accordion-title\" tabindex=\"0\">Comment contacter KEYNI ?<\/a>\n\t\t\t\t\t<\/div>\n\t\t\t\t\t<div id=\"elementor-tab-content-3363\" class=\"elementor-tab-content elementor-clearfix\" data-tab=\"3\" role=\"region\" aria-labelledby=\"elementor-tab-title-3363\"><p><span style=\"font-weight: 400;\">Pour toute question, vous pouvez nous joindre&nbsp;:&nbsp;<\/span><\/p>\n<ul>\n<li style=\"font-weight: 400;\" aria-level=\"1\"><span style=\"font-weight: 400;\">Via le Chat&nbsp;<\/span><\/li>\n<li style=\"font-weight: 400;\" aria-level=\"1\"><span style=\"font-weight: 400;\">Par mail \u00e0 <\/span><a href=\"mailto:hello@keyni.eu\"><span style=\"font-weight: 400;\">hello@keyni.eu<\/span><\/a><span style=\"font-weight: 400;\">&nbsp;<\/span><\/li>\n<\/ul><\/div>\n\t\t\t\t<\/div>\n\t\t\t\t\t\t\t<div class=\"elementor-accordion-item\">\n\t\t\t\t\t<div id=\"elementor-tab-title-3364\" class=\"elementor-tab-title\" data-tab=\"4\" role=\"button\" aria-controls=\"elementor-tab-content-3364\" aria-expanded=\"false\">\n\t\t\t\t\t\t\t\t\t\t\t\t\t<span class=\"elementor-accordion-icon elementor-accordion-icon-left\" aria-hidden=\"true\">\n\t\t\t\t\t\t\t\t\t\t\t\t\t\t\t<span class=\"elementor-accordion-icon-closed\"><i class=\"fas fa-chevron-down\"><\/i><\/span>\n\t\t\t\t\t\t\t\t<span class=\"elementor-accordion-icon-opened\"><i class=\"fas fa-chevron-up\"><\/i><\/span>\n\t\t\t\t\t\t\t\t\t\t\t\t\t\t<\/span>\n\t\t\t\t\t\t\t\t\t\t\t\t<a class=\"elementor-accordion-title\" tabindex=\"0\">Que dois-je faire apr\u00e8s la souscription ?<\/a>\n\t\t\t\t\t<\/div>\n\t\t\t\t\t<div id=\"elementor-tab-content-3364\" class=\"elementor-tab-content elementor-clearfix\" data-tab=\"4\" role=\"region\" aria-labelledby=\"elementor-tab-title-3364\"><p>Une fois que vous avez finalis\u00e9 votre souscription, vous recevrez un mail de bienvenue, avec vos identifiants de connexion \u00e0 votre espace personnel.<\/p><p>Vous pourrez alors vous connecter \u00e0 votre espace personnel, et profiter de votre Keybox et de tous les avantages offerts \u00e0 notre Keyni team.<\/p><p>C\u2019est aussi depuis votre espace personnel que vous pourrez d\u00e9clarer un sinistre.<\/p><\/div>\n\t\t\t\t<\/div>\n\t\t\t\t\t\t\t<div class=\"elementor-accordion-item\">\n\t\t\t\t\t<div id=\"elementor-tab-title-3365\" class=\"elementor-tab-title\" data-tab=\"5\" role=\"button\" aria-controls=\"elementor-tab-content-3365\" aria-expanded=\"false\">\n\t\t\t\t\t\t\t\t\t\t\t\t\t<span class=\"elementor-accordion-icon elementor-accordion-icon-left\" aria-hidden=\"true\">\n\t\t\t\t\t\t\t\t\t\t\t\t\t\t\t<span class=\"elementor-accordion-icon-closed\"><i class=\"fas fa-chevron-down\"><\/i><\/span>\n\t\t\t\t\t\t\t\t<span class=\"elementor-accordion-icon-opened\"><i class=\"fas fa-chevron-up\"><\/i><\/span>\n\t\t\t\t\t\t\t\t\t\t\t\t\t\t<\/span>\n\t\t\t\t\t\t\t\t\t\t\t\t<a class=\"elementor-accordion-title\" tabindex=\"0\">Comment j'acc\u00e8de \u00e0 mon espace personnel ?\t<\/a>\n\t\t\t\t\t<\/div>\n\t\t\t\t\t<div id=\"elementor-tab-content-3365\" class=\"elementor-tab-content elementor-clearfix\" data-tab=\"5\" role=\"region\" aria-labelledby=\"elementor-tab-title-3365\"><p><span style=\"font-weight: 400;\">Pour y acc\u00e9der, c\u2019est tr\u00e8s simple\u00a0:\u00a0<\/span><\/p><p><span style=\"font-weight: 400;\">Depuis la page d&#8217;accueil du site, cliquez sur le bouton &#8220;Mon compte&#8221; situ\u00e9 en haut \u00e0 droite de la page.<\/span><\/p><p><span style=\"font-weight: 400;\"><b>\u2714\u00a0 <\/b>Saisissez l&#8217;email que vous nous avez communiqu\u00e9 lors de votre souscription.<\/span><\/p><p><span style=\"font-weight: 400;\"><b>\u2714\u00a0 <\/b>Saisissez votre mot de passe.<\/span><\/p><p><span style=\"font-weight: 400;\"><b>\u2714\u00a0 <\/b>Puis cliquez sur le bouton &#8220;Se connecter&#8221;.<\/span><\/p><p><span style=\"font-weight: 400;\">Vous y \u00eates, vous pouvez profiter de nos services.<\/span><\/p><\/div>\n\t\t\t\t<\/div>\n\t\t\t\t\t\t\t\t<\/div>\n\t\t\t\t\t\t<\/div>\n\t\t\t\t<\/div>\n\t\t\t\t\t<\/div>\n\t\t<\/div>\n\t\t\t\t\t<\/div>\n\t\t<\/section>\n\t\t\t\t<section class=\"elementor-section elementor-top-section elementor-element elementor-element-1f048b9 elementor-section-boxed elementor-section-height-default elementor-section-height-default wpr-particle-no wpr-jarallax-no wpr-parallax-no wpr-sticky-section-no\" data-id=\"1f048b9\" data-element_type=\"section\">\n\t\t\t\t\t\t<div class=\"elementor-container elementor-column-gap-default\">\n\t\t\t\t\t<div class=\"elementor-column elementor-col-100 elementor-top-column elementor-element elementor-element-71c0a7d\" data-id=\"71c0a7d\" data-element_type=\"column\">\n\t\t\t<div class=\"elementor-widget-wrap elementor-element-populated\">\n\t\t\t\t\t\t<div class=\"elementor-element elementor-element-60699b2 elementor-widget elementor-widget-spacer\" data-id=\"60699b2\" data-element_type=\"widget\" data-widget_type=\"spacer.default\">\n\t\t\t\t<div class=\"elementor-widget-container\">\n\t\t\t\t\t\t\t<div class=\"elementor-spacer\">\n\t\t\t<div class=\"elementor-spacer-inner\"><\/div>\n\t\t<\/div>\n\t\t\t\t\t\t<\/div>\n\t\t\t\t<\/div>\n\t\t\t\t\t<\/div>\n\t\t<\/div>\n\t\t\t\t\t<\/div>\n\t\t<\/section>\n\t\t\t\t<section class=\"elementor-section elementor-top-section elementor-element elementor-element-f78a1b1 elementor-section-stretched elementor-section-boxed elementor-section-height-default elementor-section-height-default wpr-particle-no wpr-jarallax-no wpr-parallax-no wpr-sticky-section-no\" data-id=\"f78a1b1\" data-element_type=\"section\" data-settings=\"{&quot;background_background&quot;:&quot;classic&quot;,&quot;stretch_section&quot;:&quot;section-stretched&quot;}\">\n\t\t\t\t\t\t<div class=\"elementor-container elementor-column-gap-default\">\n\t\t\t\t\t<div class=\"elementor-column elementor-col-33 elementor-top-column elementor-element elementor-element-8480d0e\" data-id=\"8480d0e\" data-element_type=\"column\">\n\t\t\t<div class=\"elementor-widget-wrap elementor-element-populated\">\n\t\t\t\t\t\t<div class=\"elementor-element elementor-element-acf041b elementor-widget elementor-widget-image\" data-id=\"acf041b\" data-element_type=\"widget\" data-widget_type=\"image.default\">\n\t\t\t\t<div class=\"elementor-widget-container\">\n\t\t\t\t\t\t\t\t\t\t\t\t\t\t\t<img decoding=\"async\" width=\"300\" height=\"131\" src=\"https:\/\/keyni.eu\/wp-content\/uploads\/2022\/12\/Logo_actuelle_KEYNI_FOND_BLANC__1___1_-removebg-preview-300x131.png\" class=\"attachment-medium size-medium wp-image-1076\" alt=\"\" srcset=\"https:\/\/keyni.eu\/wp-content\/uploads\/2022\/12\/Logo_actuelle_KEYNI_FOND_BLANC__1___1_-removebg-preview-300x131.png 300w, https:\/\/keyni.eu\/wp-content\/uploads\/2022\/12\/Logo_actuelle_KEYNI_FOND_BLANC__1___1_-removebg-preview.png 435w\" sizes=\"(max-width: 300px) 100vw, 300px\" \/>\t\t\t\t\t\t\t\t\t\t\t\t\t\t\t<\/div>\n\t\t\t\t<\/div>\n\t\t\t\t\t<\/div>\n\t\t<\/div>\n\t\t\t\t<div class=\"elementor-column elementor-col-33 elementor-top-column elementor-element elementor-element-34037e3\" data-id=\"34037e3\" data-element_type=\"column\">\n\t\t\t<div class=\"elementor-widget-wrap elementor-element-populated\">\n\t\t\t\t\t\t<div class=\"elementor-element elementor-element-bcf4e84 elementor-widget elementor-widget-text-editor\" data-id=\"bcf4e84\" data-element_type=\"widget\" data-widget_type=\"text-editor.default\">\n\t\t\t\t<div class=\"elementor-widget-container\">\n\t\t\t\t\t\t\t\t\t<p><b><a href=\"https:\/\/keyni.eu\/\">Accueil<\/a> &#8211; <a href=\"https:\/\/keyni.eu\/index.php\/nos-services-inclus\/\">Nos services inclus<\/a> &#8211; <a href=\"https:\/\/keyni.eu\/index.php\/sinistres\/\">Sinistres<\/a> &#8211; <a href=\"https:\/\/keyni.eu\/index.php\/avis\/\">Avis<\/a> &#8211; <a href=\"https:\/\/keyni.eu\/index.php\/faq\/\">FAQ<\/a> &#8211; <a href=\"https:\/\/keyni.eu\/index.php\/contact\/\">Contact<\/a><\/b><\/p>\t\t\t\t\t\t\t\t<\/div>\n\t\t\t\t<\/div>\n\t\t\t\t\t<\/div>\n\t\t<\/div>\n\t\t\t\t<div class=\"elementor-column elementor-col-33 elementor-top-column elementor-element elementor-element-fcd6a6e\" data-id=\"fcd6a6e\" data-element_type=\"column\">\n\t\t\t<div class=\"elementor-widget-wrap elementor-element-populated\">\n\t\t\t\t\t\t<div class=\"elementor-element elementor-element-1b8ab6b elementor-widget elementor-widget-spacer\" data-id=\"1b8ab6b\" data-element_type=\"widget\" data-widget_type=\"spacer.default\">\n\t\t\t\t<div class=\"elementor-widget-container\">\n\t\t\t\t\t\t\t<div class=\"elementor-spacer\">\n\t\t\t<div class=\"elementor-spacer-inner\"><\/div>\n\t\t<\/div>\n\t\t\t\t\t\t<\/div>\n\t\t\t\t<\/div>\n\t\t\t\t<div class=\"elementor-element elementor-element-f578e42 elementor-shape-rounded elementor-grid-0 e-grid-align-center elementor-widget elementor-widget-social-icons\" data-id=\"f578e42\" data-element_type=\"widget\" data-widget_type=\"social-icons.default\">\n\t\t\t\t<div class=\"elementor-widget-container\">\n\t\t\t\t\t\t\t<div class=\"elementor-social-icons-wrapper elementor-grid\" role=\"list\">\n\t\t\t\t\t\t\t<span class=\"elementor-grid-item\" role=\"listitem\">\n\t\t\t\t\t<a class=\"elementor-icon elementor-social-icon elementor-social-icon-facebook elementor-repeater-item-da3becf\" href=\"https:\/\/www.facebook.com\/profile.php?id=100090248134968\" target=\"_blank\">\n\t\t\t\t\t\t<span class=\"elementor-screen-only\">Facebook<\/span>\n\t\t\t\t\t\t<i aria-hidden=\"true\" class=\"fab fa-facebook\"><\/i>\t\t\t\t\t<\/a>\n\t\t\t\t<\/span>\n\t\t\t\t\t\t\t<span class=\"elementor-grid-item\" role=\"listitem\">\n\t\t\t\t\t<a class=\"elementor-icon elementor-social-icon elementor-social-icon-youtube elementor-repeater-item-137f68d\" href=\"https:\/\/www.youtube.com\/channel\/UCH22BjwqAIFlnIQcnpAFzmg\" target=\"_blank\">\n\t\t\t\t\t\t<span class=\"elementor-screen-only\">Youtube<\/span>\n\t\t\t\t\t\t<i aria-hidden=\"true\" class=\"fab fa-youtube\"><\/i>\t\t\t\t\t<\/a>\n\t\t\t\t<\/span>\n\t\t\t\t\t\t\t<span class=\"elementor-grid-item\" role=\"listitem\">\n\t\t\t\t\t<a class=\"elementor-icon elementor-social-icon elementor-social-icon-instagram elementor-repeater-item-8b4890c\" href=\"https:\/\/www.instagram.com\/keyni_eu\/\" target=\"_blank\">\n\t\t\t\t\t\t<span class=\"elementor-screen-only\">Instagram<\/span>\n\t\t\t\t\t\t<i aria-hidden=\"true\" class=\"fab fa-instagram\"><\/i>\t\t\t\t\t<\/a>\n\t\t\t\t<\/span>\n\t\t\t\t\t<\/div>\n\t\t\t\t\t\t<\/div>\n\t\t\t\t<\/div>\n\t\t\t\t\t<\/div>\n\t\t<\/div>\n\t\t\t\t\t<\/div>\n\t\t<\/section>\n\t\t\t\t<\/div>\n\t\t","protected":false},"excerpt":{"rendered":"<p>Nous avons une r\u00e9ponse \u00e0 toutes vos questions ! \ud83d\ude0a KEYNI c&#8217;est qui? KEYNI est une assurtech fran\u00e7aise, la seule qui regroupe toutes les assurances indispensables \u00e0 chaque \u00e9tape de votre projet immobilier. Notre mission est de vous simplifier la vie, vous investissez on vous assure.\u00a0 Bien plus qu\u2019un assureur, Keyni assure votre succ\u00e8s; tous nos clients b\u00e9n\u00e9ficient gratuitement d&#8217;un acc\u00e8s \u00e0 un notaire (pour les questions juridiques), d&#8217;un logiciel de gestion locative et de notre Keybox. En toutes circonstances Keyni reste disponible pour vous gr\u00e2ce \u00e0 une gestion premium ! Quelles sont les assurances propos\u00e9es par KEYNI ? KEYNI propose toutes les assurances indispensables \u00e0 chaque \u00e9tape de votre projet immobilier\u00a0:\u00a0 Assurance de pr\u00eat Assurance travaux Assurance de biens\u00a0 Garantie loyer impay\u00e9 Comment contacter KEYNI ? Pour toute question, vous pouvez nous joindre&nbsp;:&nbsp; Via le Chat&nbsp; Par mail \u00e0 hello@keyni.eu&nbsp; Que dois-je faire apr\u00e8s la souscription ? Une fois que vous avez finalis\u00e9 votre souscription, vous recevrez un mail de bienvenue, avec vos identifiants de connexion \u00e0 votre espace personnel. Vous pourrez alors vous connecter \u00e0 votre espace personnel, et profiter de votre Keybox et de tous les avantages offerts \u00e0 notre Keyni team. C\u2019est aussi depuis votre espace personnel que vous pourrez d\u00e9clarer un sinistre. Comment j&#8217;acc\u00e8de \u00e0 mon espace personnel ? Pour y acc\u00e9der, c\u2019est tr\u00e8s simple\u00a0:\u00a0 Depuis la page d&#8217;accueil du site, cliquez sur le bouton &#8220;Mon compte&#8221; situ\u00e9 en haut \u00e0 droite de la page. \u2714\u00a0 Saisissez l&#8217;email que vous nous avez communiqu\u00e9 lors de votre souscription. \u2714\u00a0 Saisissez votre mot de passe. \u2714\u00a0 Puis cliquez sur le bouton &#8220;Se connecter&#8221;. Vous y \u00eates, vous pouvez profiter de nos services. Accueil &#8211; Nos services inclus &#8211; Sinistres &#8211; Avis &#8211; FAQ &#8211; Contact Facebook Youtube Instagram<\/p>\n","protected":false},"author":1,"featured_media":0,"parent":0,"menu_order":0,"comment_status":"closed","ping_status":"closed","template":"","meta":{"content-type":"","_ti_tpc_template_sync":false,"_ti_tpc_template_id":"","footnotes":""},"class_list":["post-713","page","type-page","status-publish","hentry"],"_links":{"self":[{"href":"https:\/\/keyni.eu\/index.php\/wp-json\/wp\/v2\/pages\/713","targetHints":{"allow":["GET"]}}],"collection":[{"href":"https:\/\/keyni.eu\/index.php\/wp-json\/wp\/v2\/pages"}],"about":[{"href":"https:\/\/keyni.eu\/index.php\/wp-json\/wp\/v2\/types\/page"}],"author":[{"embeddable":true,"href":"https:\/\/keyni.eu\/index.php\/wp-json\/wp\/v2\/users\/1"}],"replies":[{"embeddable":true,"href":"https:\/\/keyni.eu\/index.php\/wp-json\/wp\/v2\/comments?post=713"}],"version-history":[{"count":15,"href":"https:\/\/keyni.eu\/index.php\/wp-json\/wp\/v2\/pages\/713\/revisions"}],"predecessor-version":[{"id":22721,"href":"https:\/\/keyni.eu\/index.php\/wp-json\/wp\/v2\/pages\/713\/revisions\/22721"}],"wp:attachment":[{"href":"https:\/\/keyni.eu\/index.php\/wp-json\/wp\/v2\/media?parent=713"}],"curies":[{"name":"wp","href":"https:\/\/api.w.org\/{rel}","templated":true}]}}