{"id":633,"date":"2022-12-12T18:25:41","date_gmt":"2022-12-12T17:25:41","guid":{"rendered":"https:\/\/keyni.eu\/?page_id=633"},"modified":"2025-04-14T14:52:44","modified_gmt":"2025-04-14T12:52:44","slug":"souscription-assurance-travaux","status":"publish","type":"page","link":"https:\/\/keyni.eu\/index.php\/souscription-assurance-travaux\/","title":{"rendered":"Souscription assurance travaux"},"content":{"rendered":"\t\t<div data-elementor-type=\"wp-page\" data-elementor-id=\"633\" class=\"elementor elementor-633\">\n\t\t\t\t\t\t<section class=\"elementor-section elementor-top-section elementor-element elementor-element-361b67e elementor-section-boxed elementor-section-height-default elementor-section-height-default wpr-particle-no wpr-jarallax-no wpr-parallax-no wpr-sticky-section-no\" data-id=\"361b67e\" data-element_type=\"section\">\n\t\t\t\t\t\t<div class=\"elementor-container elementor-column-gap-default\">\n\t\t\t\t\t<div class=\"elementor-column elementor-col-33 elementor-top-column elementor-element elementor-element-23338e9\" data-id=\"23338e9\" data-element_type=\"column\">\n\t\t\t<div class=\"elementor-widget-wrap\">\n\t\t\t\t\t\t\t<\/div>\n\t\t<\/div>\n\t\t\t\t<div class=\"elementor-column elementor-col-33 elementor-top-column elementor-element elementor-element-095eec9\" data-id=\"095eec9\" data-element_type=\"column\">\n\t\t\t<div class=\"elementor-widget-wrap elementor-element-populated\">\n\t\t\t\t\t\t<div class=\"elementor-element elementor-element-51e5a36 elementor-widget elementor-widget-image\" data-id=\"51e5a36\" data-element_type=\"widget\" data-widget_type=\"image.default\">\n\t\t\t\t<div class=\"elementor-widget-container\">\n\t\t\t\t\t\t\t\t\t\t\t\t\t\t\t<img fetchpriority=\"high\" decoding=\"async\" width=\"499\" height=\"225\" src=\"https:\/\/keyni.eu\/wp-content\/uploads\/2023\/01\/Logo_actuelle_KEYNI_FOND_BLANC__7_-removebg-preview.png\" class=\"attachment-large size-large wp-image-1911\" alt=\"\" srcset=\"https:\/\/keyni.eu\/wp-content\/uploads\/2023\/01\/Logo_actuelle_KEYNI_FOND_BLANC__7_-removebg-preview.png 499w, https:\/\/keyni.eu\/wp-content\/uploads\/2023\/01\/Logo_actuelle_KEYNI_FOND_BLANC__7_-removebg-preview-300x135.png 300w\" sizes=\"(max-width: 499px) 100vw, 499px\" \/>\t\t\t\t\t\t\t\t\t\t\t\t\t\t\t<\/div>\n\t\t\t\t<\/div>\n\t\t\t\t\t<\/div>\n\t\t<\/div>\n\t\t\t\t<div class=\"elementor-column elementor-col-33 elementor-top-column elementor-element elementor-element-23a4b10\" data-id=\"23a4b10\" data-element_type=\"column\">\n\t\t\t<div class=\"elementor-widget-wrap\">\n\t\t\t\t\t\t\t<\/div>\n\t\t<\/div>\n\t\t\t\t\t<\/div>\n\t\t<\/section>\n\t\t\t\t<section class=\"elementor-section elementor-top-section elementor-element elementor-element-036571a elementor-section-boxed elementor-section-height-default elementor-section-height-default wpr-particle-no wpr-jarallax-no wpr-parallax-no wpr-sticky-section-no\" data-id=\"036571a\" data-element_type=\"section\">\n\t\t\t\t\t\t<div class=\"elementor-container elementor-column-gap-default\">\n\t\t\t\t\t<div class=\"elementor-column elementor-col-100 elementor-top-column elementor-element elementor-element-3a49646\" data-id=\"3a49646\" data-element_type=\"column\">\n\t\t\t<div class=\"elementor-widget-wrap elementor-element-populated\">\n\t\t\t\t\t\t<div class=\"elementor-element elementor-element-248eda8 elementor-widget elementor-widget-html\" data-id=\"248eda8\" data-element_type=\"widget\" data-widget_type=\"html.default\">\n\t\t\t\t<div class=\"elementor-widget-container\">\n\t\t\t\t\t<script type=\"text\/javascript\" src=\"https:\/\/form.jotform.com\/jsform\/223602406794355\"><\/script>\t\t\t\t<\/div>\n\t\t\t\t<\/div>\n\t\t\t\t\t<\/div>\n\t\t<\/div>\n\t\t\t\t\t<\/div>\n\t\t<\/section>\n\t\t\t\t<section class=\"elementor-section elementor-top-section elementor-element elementor-element-f27e2be elementor-section-boxed elementor-section-height-default elementor-section-height-default wpr-particle-no wpr-jarallax-no wpr-parallax-no wpr-sticky-section-no\" data-id=\"f27e2be\" data-element_type=\"section\">\n\t\t\t\t\t\t<div class=\"elementor-container elementor-column-gap-default\">\n\t\t\t\t\t<div class=\"elementor-column elementor-col-100 elementor-top-column elementor-element elementor-element-6679239\" data-id=\"6679239\" data-element_type=\"column\">\n\t\t\t<div class=\"elementor-widget-wrap elementor-element-populated\">\n\t\t\t\t\t\t<div class=\"elementor-element elementor-element-367ac64 elementor-widget elementor-widget-html\" data-id=\"367ac64\" data-element_type=\"widget\" data-widget_type=\"html.default\">\n\t\t\t\t<div class=\"elementor-widget-container\">\n\t\t\t\t\t<script>\r\n  \/\/ Fonction pour r\u00e9cup\u00e9rer un param\u00e8tre UTM\r\n  function getUTMParam(param) {\r\n    const urlParams = new URLSearchParams(window.location.search);\r\n    return urlParams.get(param);\r\n  }\r\n\r\n  \/\/ Sauvegarde le code promo dans localStorage\r\n  function setPromoCodeInStorage(code) {\r\n    if (code) localStorage.setItem('promo_code', code);\r\n  }\r\n\r\n  \/\/ R\u00e9cup\u00e8re le code promo stock\u00e9\r\n  function getPromoCodeFromStorage() {\r\n    return localStorage.getItem('promo_code');\r\n  }\r\n\r\n  \/\/ Quand la page est charg\u00e9e\r\n  window.addEventListener('DOMContentLoaded', function () {\r\n    const promoFromURL = getUTMParam('utm_medium'); \/\/ r\u00e9cup\u00e8re le code dans l'URL\r\n\r\n    if (promoFromURL) {\r\n      setPromoCodeInStorage(promoFromURL);\r\n    }\r\n\r\n    const promoCode = promoFromURL || getPromoCodeFromStorage();\r\n\r\n    \/\/ Trouve l\u2019iFrame Jotform\r\n    const iframe = document.querySelector('iframe[src*=\"jotform.com\"]');\r\n    if (iframe && promoCode) {\r\n      let src = iframe.getAttribute('src');\r\n\r\n      \/\/ Ajoute le code promo au bon champ (nomm\u00e9 \"code_promo\")\r\n      if (!src.includes('code_promo=')) {\r\n        const separator = src.includes('?') ? '&' : '?';\r\n        iframe.src = src + separator + 'code_promo=' + encodeURIComponent(promoCode);\r\n      }\r\n    }\r\n  });\r\n<\/script>\r\n\t\t\t\t<\/div>\n\t\t\t\t<\/div>\n\t\t\t\t\t<\/div>\n\t\t<\/div>\n\t\t\t\t\t<\/div>\n\t\t<\/section>\n\t\t\t\t<\/div>\n\t\t","protected":false},"excerpt":{"rendered":"","protected":false},"author":1,"featured_media":0,"parent":0,"menu_order":0,"comment_status":"closed","ping_status":"closed","template":"","meta":{"content-type":"","_ti_tpc_template_sync":false,"_ti_tpc_template_id":"","footnotes":""},"class_list":["post-633","page","type-page","status-publish","hentry"],"_links":{"self":[{"href":"https:\/\/keyni.eu\/index.php\/wp-json\/wp\/v2\/pages\/633","targetHints":{"allow":["GET"]}}],"collection":[{"href":"https:\/\/keyni.eu\/index.php\/wp-json\/wp\/v2\/pages"}],"about":[{"href":"https:\/\/keyni.eu\/index.php\/wp-json\/wp\/v2\/types\/page"}],"author":[{"embeddable":true,"href":"https:\/\/keyni.eu\/index.php\/wp-json\/wp\/v2\/users\/1"}],"replies":[{"embeddable":true,"href":"https:\/\/keyni.eu\/index.php\/wp-json\/wp\/v2\/comments?post=633"}],"version-history":[{"count":27,"href":"https:\/\/keyni.eu\/index.php\/wp-json\/wp\/v2\/pages\/633\/revisions"}],"predecessor-version":[{"id":16350,"href":"https:\/\/keyni.eu\/index.php\/wp-json\/wp\/v2\/pages\/633\/revisions\/16350"}],"wp:attachment":[{"href":"https:\/\/keyni.eu\/index.php\/wp-json\/wp\/v2\/media?parent=633"}],"curies":[{"name":"wp","href":"https:\/\/api.w.org\/{rel}","templated":true}]}}