{"id":605,"date":"2022-12-09T15:39:44","date_gmt":"2022-12-09T14:39:44","guid":{"rendered":"https:\/\/keyni.eu\/?page_id=605"},"modified":"2025-09-29T17:57:03","modified_gmt":"2025-09-29T15:57:03","slug":"souscription-assurance-de-pret","status":"publish","type":"page","link":"https:\/\/keyni.eu\/index.php\/souscription-assurance-de-pret\/","title":{"rendered":"Souscription assurance de pr\u00eat"},"content":{"rendered":"\t\t<div data-elementor-type=\"wp-page\" data-elementor-id=\"605\" class=\"elementor elementor-605\">\n\t\t\t\t\t\t<section class=\"elementor-section elementor-top-section elementor-element elementor-element-c774e59 elementor-section-boxed elementor-section-height-default elementor-section-height-default wpr-particle-no wpr-jarallax-no wpr-parallax-no wpr-sticky-section-no\" data-id=\"c774e59\" data-element_type=\"section\">\n\t\t\t\t\t\t<div class=\"elementor-container elementor-column-gap-default\">\n\t\t\t\t\t<div class=\"elementor-column elementor-col-100 elementor-top-column elementor-element elementor-element-e7e6f23\" data-id=\"e7e6f23\" data-element_type=\"column\">\n\t\t\t<div class=\"elementor-widget-wrap elementor-element-populated\">\n\t\t\t\t\t\t<div class=\"elementor-element elementor-element-6ae66f6 elementor-widget elementor-widget-html\" data-id=\"6ae66f6\" data-element_type=\"widget\" data-widget_type=\"html.default\">\n\t\t\t\t<div class=\"elementor-widget-container\">\n\t\t\t\t\t\r\n    <iframe\r\n      id=\"JotFormIFrame-252374385018358\"\r\n      title=\"Assurance de pr\u00eat Keyni ( Panier abandonn\u00e9 )\"\r\n      onload=\"window.parent.scrollTo(0,0)\"\r\n      allowtransparency=\"true\"\r\n      allow=\"geolocation; microphone; camera; fullscreen; payment\"\r\n      src=\"https:\/\/form.jotform.com\/252374385018358\"\r\n      frameborder=\"0\"\r\n      style=\"min-width:100%;max-width:100%;height:539px;border:none;\"\r\n      scrolling=\"no\"\r\n    >\r\n    <\/iframe>\r\n    <script src='https:\/\/cdn.jotfor.ms\/s\/umd\/latest\/for-form-embed-handler.js'><\/script>\r\n    <script>window.jotformEmbedHandler(\"iframe[id='JotFormIFrame-252374385018358']\", \"https:\/\/form.jotform.com\/\")<\/script>\r\n    \t\t\t\t<\/div>\n\t\t\t\t<\/div>\n\t\t\t\t\t<\/div>\n\t\t<\/div>\n\t\t\t\t\t<\/div>\n\t\t<\/section>\n\t\t\t\t<section class=\"elementor-section elementor-top-section elementor-element elementor-element-0f890a7 elementor-section-boxed elementor-section-height-default elementor-section-height-default wpr-particle-no wpr-jarallax-no wpr-parallax-no wpr-sticky-section-no\" data-id=\"0f890a7\" data-element_type=\"section\">\n\t\t\t\t\t\t<div class=\"elementor-container elementor-column-gap-default\">\n\t\t\t\t\t<div class=\"elementor-column elementor-col-100 elementor-top-column elementor-element elementor-element-58fb753\" data-id=\"58fb753\" data-element_type=\"column\">\n\t\t\t<div class=\"elementor-widget-wrap elementor-element-populated\">\n\t\t\t\t\t\t<div class=\"elementor-element elementor-element-75929c0 elementor-widget elementor-widget-html\" data-id=\"75929c0\" data-element_type=\"widget\" data-widget_type=\"html.default\">\n\t\t\t\t<div class=\"elementor-widget-container\">\n\t\t\t\t\t<script>\r\n  \/\/ Fonction pour r\u00e9cup\u00e9rer un param\u00e8tre UTM\r\n  function getUTMParam(param) {\r\n    const urlParams = new URLSearchParams(window.location.search);\r\n    return urlParams.get(param);\r\n  }\r\n\r\n  \/\/ Sauvegarde le code promo dans localStorage\r\n  function setPromoCodeInStorage(code) {\r\n    if (code) localStorage.setItem('promo_code', code);\r\n  }\r\n\r\n  \/\/ R\u00e9cup\u00e8re le code promo stock\u00e9\r\n  function getPromoCodeFromStorage() {\r\n    return localStorage.getItem('promo_code');\r\n  }\r\n\r\n  \/\/ Quand la page est charg\u00e9e\r\n  window.addEventListener('DOMContentLoaded', function () {\r\n    const promoFromURL = getUTMParam('utm_medium'); \/\/ r\u00e9cup\u00e8re le code dans l'URL\r\n\r\n    if (promoFromURL) {\r\n      setPromoCodeInStorage(promoFromURL);\r\n    }\r\n\r\n    const promoCode = promoFromURL || getPromoCodeFromStorage();\r\n\r\n    \/\/ Trouve l\u2019iFrame Jotform\r\n    const iframe = document.querySelector('iframe[src*=\"jotform.com\"]');\r\n    if (iframe && promoCode) {\r\n      let src = iframe.getAttribute('src');\r\n\r\n      \/\/ Ajoute le code promo au bon champ (nomm\u00e9 \"code_promo\")\r\n      if (!src.includes('code_promo=')) {\r\n        const separator = src.includes('?') ? '&' : '?';\r\n        iframe.src = src + separator + 'code_promo=' + encodeURIComponent(promoCode);\r\n      }\r\n    }\r\n  });\r\n<\/script>\r\n\t\t\t\t<\/div>\n\t\t\t\t<\/div>\n\t\t\t\t\t<\/div>\n\t\t<\/div>\n\t\t\t\t\t<\/div>\n\t\t<\/section>\n\t\t\t\t<\/div>\n\t\t","protected":false},"excerpt":{"rendered":"","protected":false},"author":1,"featured_media":0,"parent":0,"menu_order":0,"comment_status":"closed","ping_status":"closed","template":"","meta":{"content-type":"","_ti_tpc_template_sync":false,"_ti_tpc_template_id":"","footnotes":""},"class_list":["post-605","page","type-page","status-publish","hentry"],"_links":{"self":[{"href":"https:\/\/keyni.eu\/index.php\/wp-json\/wp\/v2\/pages\/605","targetHints":{"allow":["GET"]}}],"collection":[{"href":"https:\/\/keyni.eu\/index.php\/wp-json\/wp\/v2\/pages"}],"about":[{"href":"https:\/\/keyni.eu\/index.php\/wp-json\/wp\/v2\/types\/page"}],"author":[{"embeddable":true,"href":"https:\/\/keyni.eu\/index.php\/wp-json\/wp\/v2\/users\/1"}],"replies":[{"embeddable":true,"href":"https:\/\/keyni.eu\/index.php\/wp-json\/wp\/v2\/comments?post=605"}],"version-history":[{"count":45,"href":"https:\/\/keyni.eu\/index.php\/wp-json\/wp\/v2\/pages\/605\/revisions"}],"predecessor-version":[{"id":20307,"href":"https:\/\/keyni.eu\/index.php\/wp-json\/wp\/v2\/pages\/605\/revisions\/20307"}],"wp:attachment":[{"href":"https:\/\/keyni.eu\/index.php\/wp-json\/wp\/v2\/media?parent=605"}],"curies":[{"name":"wp","href":"https:\/\/api.w.org\/{rel}","templated":true}]}}